{"id":485,"date":"2021-01-04T14:33:59","date_gmt":"2021-01-04T13:33:59","guid":{"rendered":"https:\/\/fotovolgroup.com\/?page_id=485"},"modified":"2026-04-29T11:54:48","modified_gmt":"2026-04-29T09:54:48","slug":"politica-de-privacitat","status":"publish","type":"page","link":"https:\/\/fotovol.com\/ca\/politica-de-privacitat\/","title":{"rendered":"Pol\u00edtica de privadesa"},"content":{"rendered":"\t\t<div data-elementor-type=\"wp-page\" data-elementor-id=\"485\" class=\"elementor elementor-485 elementor-2367\" data-elementor-post-type=\"page\">\n\t\t\t\t\t\t<section class=\"elementor-section elementor-top-section elementor-element elementor-element-cb7ac84 elementor-section-boxed elementor-section-height-default elementor-section-height-default\" data-id=\"cb7ac84\" data-element_type=\"section\" data-e-type=\"section\" data-settings=\"{&quot;background_background&quot;:&quot;classic&quot;}\">\n\t\t\t\t\t\t<div class=\"elementor-container elementor-column-gap-default\">\n\t\t\t\t\t<div class=\"elementor-column elementor-col-100 elementor-top-column elementor-element elementor-element-481082d0\" data-id=\"481082d0\" data-element_type=\"column\" data-e-type=\"column\">\n\t\t\t<div class=\"elementor-widget-wrap elementor-element-populated\">\n\t\t\t\t\t\t<div class=\"elementor-element elementor-element-1080464d elementor-widget elementor-widget-text-editor\" data-id=\"1080464d\" data-element_type=\"widget\" data-e-type=\"widget\" data-widget_type=\"text-editor.default\">\n\t\t\t\t<div class=\"elementor-widget-container\">\n\t\t\t\t\t\t\t\t\t<h1 id=\"politica-de-privacitat\"><strong>POL\u00cdTICA DE PRIVACITAT<\/strong><\/h1>\n<h2 id=\"1-responsable-del-tractament\">1. Responsable del Tractament<\/h2>\n<p>El responsable del tractament de les dades personals recollides a trav\u00e9s d&#8217;aquest web \u00e9s FOTOVOL SOLAR, SL (d&#8217;ara endavant, FOTOVOL), empresa d&#8217;enginyeria i instal\u00b7laci\u00f3 de sistemes fotovoltaics.<\/p>\n<ul>\n<li>Nom Comercial: FOTOVOL \/ ECOVEN.<\/li>\n<li>NIF: B-01862689.<\/li>\n<li>Seu Central (NAP): Carrer dels Roures, 8, 17111 Vulpellac, Girona (Nexes, Viver d&#8217;Empreses i Coworking de Forallac).<\/li>\n<li>Domicili Social (Registral): Carrer Dels Oms, 10 &#8211; Nau 27, 17111 Forallac (Girona).<\/li>\n<li>Dades Registrals: Inscrita al Registre Mercantil de GIRONA, Tom 3298, Foli 154, Secci\u00f3 8, Full GI 68670.<\/li>\n<li>Activitat: Instal\u00b7lacions el\u00e8ctriques i producci\u00f3 denergia (CNAE 4321).<\/li>\n<li>Email: fotovol@fotovol.cat.<\/li>\n<li>Tel\u00e8fon: 972 64 56 84.<\/li>\n<\/ul>\n<h2 id=\"2-finalitat-del-tractament-de-dades\">2. Finalitat del Tractament de Dades<\/h2>\n<p>A FOTOVOL tractem la informaci\u00f3 per a les seg\u00fcents finalitats professionals:<\/p>\n<ul>\n<li>Gesti\u00f3 de projectes EPC: Elaboraci\u00f3 d&#8217;estudis t\u00e8cnics, econ\u00f2mics i execuci\u00f3 d&#8217;instal\u00b7lacions d&#8217;autoconsum i aerot\u00e8rmia.<\/li>\n<li>Atenci\u00f3 al Client: Gesti\u00f3 de consultes i suport t\u00e8cnic a trav\u00e9s del nostre equip propi d&#8217;enginyers i instal\u00b7ladors.<\/li>\n<li>Compliment Normatiu: Legalitzaci\u00f3 d&#8217;instal\u00b7lacions segons el CTE HE4 i la normativa vigent davant l&#8217;administraci\u00f3.<\/li>\n<li>An\u00e0lisi i seguretat: millora de la navegaci\u00f3 web i prevenci\u00f3 d&#8217;atacs inform\u00e0tics mitjan\u00e7ant an\u00e0lisis de vulnerabilitats.<\/li>\n<\/ul>\n<h2 id=\"3-base-juridica-i-retencio\">3. Base Jur\u00eddica i Retenci\u00f3<\/h2>\n<p>La base legal per al tractament \u00e9s:<\/p>\n<ul>\n<li>Execuci\u00f3 de contracte: Necess\u00e0ria per a la projecci\u00f3 i posada en marxa de sistemes solars.<\/li>\n<li>Inter\u00e8s leg\u00edtim: Millora dels serveis denginyeria i seguretat web.<\/li>\n<li>Consentiment: Per enviar informaci\u00f3 sobre actualitat energ\u00e8tica i serveis de FOTOVOL.<\/li>\n<\/ul>\n<p>Les dades s&#8217;han de conservar mentre es mantingui la relaci\u00f3 professional o durant el temps necessari per cobrir les responsabilitats legals i d&#8217;enginyeria derivades de l&#8217;activitat.<\/p>\n<h2 id=\"4-drets-dels-usuaris\">4. Drets dels Usuaris<\/h2>\n<p>Qualsevol usuari pot exercir els drets d&#8217;acc\u00e9s, rectificaci\u00f3, supressi\u00f3, oposici\u00f3, limitaci\u00f3 i portabilitat.<br\/> Per fer-ho, us heu d&#8217;adre\u00e7ar per escrit aportant c\u00f2pia del vostre DNI a la nostra seu central a Carrer dels Roures, 8, 17111 Vulpellac (Girona) o mitjan\u00e7ant el correu electr\u00f2nic fotovol@fotovol.cat.<\/p>\t\t\t\t\t\t\t\t<\/div>\n\t\t\t\t<\/div>\n\t\t\t\t\t<\/div>\n\t\t<\/div>\n\t\t\t\t\t<\/div>\n\t\t<\/section>\n\t\t\t\t<\/div>\n\t\t","protected":false},"excerpt":{"rendered":"<p>POL\u00cdTICA DE PRIVACITAT 1. Responsable del Tractament El responsable del tractament de les dades personals recollides a trav\u00e9s d&#8217;aquest web \u00e9s FOTOVOL SOLAR, SL (d&#8217;ara endavant, FOTOVOL), empresa d&#8217;enginyeria i instal\u00b7laci\u00f3 de sistemes fotovoltaics. Nom Comercial: FOTOVOL \/ ECOVEN. NIF: B-01862689. Seu Central (NAP): Carrer dels Roures, 8, 17111 Vulpellac, Girona (Nexes, Viver d&#8217;Empreses i [&hellip;]<\/p>\n","protected":false},"author":1,"featured_media":0,"parent":0,"menu_order":81,"comment_status":"closed","ping_status":"closed","template":"","meta":{"_acf_changed":false,"footnotes":""},"class_list":["post-485","page","type-page","status-publish","hentry"],"acf":[],"_links":{"self":[{"href":"https:\/\/fotovol.com\/ca\/wp-json\/wp\/v2\/pages\/485","targetHints":{"allow":["GET"]}}],"collection":[{"href":"https:\/\/fotovol.com\/ca\/wp-json\/wp\/v2\/pages"}],"about":[{"href":"https:\/\/fotovol.com\/ca\/wp-json\/wp\/v2\/types\/page"}],"author":[{"embeddable":true,"href":"https:\/\/fotovol.com\/ca\/wp-json\/wp\/v2\/users\/1"}],"replies":[{"embeddable":true,"href":"https:\/\/fotovol.com\/ca\/wp-json\/wp\/v2\/comments?post=485"}],"version-history":[{"count":2,"href":"https:\/\/fotovol.com\/ca\/wp-json\/wp\/v2\/pages\/485\/revisions"}],"predecessor-version":[{"id":18886,"href":"https:\/\/fotovol.com\/ca\/wp-json\/wp\/v2\/pages\/485\/revisions\/18886"}],"wp:attachment":[{"href":"https:\/\/fotovol.com\/ca\/wp-json\/wp\/v2\/media?parent=485"}],"curies":[{"name":"wp","href":"https:\/\/api.w.org\/{rel}","templated":true}]}}